{"id":10,"date":"2025-05-20T19:33:09","date_gmt":"2025-05-20T19:33:09","guid":{"rendered":"https:\/\/fotoavjamie.se\/?page_id=10"},"modified":"2025-08-05T07:52:50","modified_gmt":"2025-08-05T07:52:50","slug":"hem","status":"publish","type":"page","link":"https:\/\/fotoavjamie.se\/","title":{"rendered":"Hem"},"content":{"rendered":"<p>[et_pb_section fb_built=&#8221;1&#8243; fullwidth=&#8221;on&#8221; _builder_version=&#8221;4.27.4&#8243; _module_preset=&#8221;default&#8221; global_colors_info=&#8221;{}&#8221;][et_pb_fullwidth_header title=&#8221;Gravid- och familjefotograf i Sk\u00e5ne&#8221; header_fullscreen=&#8221;on&#8221; button_one_text=&#8221;Boka fotografering&#8221; button_two_text=&#8221;Se portfolio&#8221; logo_image_url=&#8221;https:\/\/fotoavjamie.se\/wp-content\/uploads\/2025\/05\/jamiesteinbichler-fotograf-logo-cirkel-vit.png&#8221; _builder_version=&#8221;4.27.4&#8243; _module_preset=&#8221;default&#8221; title_font_size=&#8221;50px&#8221; background_enable_color=&#8221;off&#8221; use_background_color_gradient=&#8221;on&#8221; background_color_gradient_direction=&#8221;90deg&#8221; background_color_gradient_stops=&#8221;#140a09 0%|rgba(41,196,169,0) 60%&#8221; background_color_gradient_overlays_image=&#8221;on&#8221; background_image=&#8221;https:\/\/fotoavjamie.se\/wp-content\/uploads\/2025\/05\/DSC07658.jpg&#8221; hover_enabled=&#8221;0&#8243; custom_css_logo=&#8221;width: 250px;||margin-top: -120px;||margin-bottom: 30px;&#8221; global_colors_info=&#8221;{}&#8221; sticky_enabled=&#8221;0&#8243; title_text=&#8221;DSC07658&#8243;]<\/p>\n<p>Naturliga bilder med k\u00e4nsla och filmisk st\u00e4mning<\/p>\n<p>[\/et_pb_fullwidth_header][\/et_pb_section][et_pb_section fb_built=&#8221;1&#8243; _builder_version=&#8221;4.27.4&#8243; _module_preset=&#8221;default&#8221; background_color=&#8221;#291E16&#8243; global_colors_info=&#8221;{}&#8221;][et_pb_row column_structure=&#8221;2_5,3_5&#8243; make_equal=&#8221;on&#8221; _builder_version=&#8221;4.27.4&#8243; _module_preset=&#8221;default&#8221; max_width=&#8221;75%&#8221; global_colors_info=&#8221;{}&#8221;][et_pb_column type=&#8221;2_5&#8243; _builder_version=&#8221;4.27.4&#8243; _module_preset=&#8221;default&#8221; global_colors_info=&#8221;{}&#8221;][et_pb_image src=&#8221;https:\/\/fotoavjamie.se\/wp-content\/uploads\/2025\/05\/PS7_4397.jpg&#8221; title_text=&#8221;PS7_4397&#8243; _builder_version=&#8221;4.27.4&#8243; _module_preset=&#8221;default&#8221; global_colors_info=&#8221;{}&#8221;][\/et_pb_image][\/et_pb_column][et_pb_column type=&#8221;3_5&#8243; _builder_version=&#8221;4.27.4&#8243; _module_preset=&#8221;default&#8221; custom_css_main_element=&#8221;display: flex;||flex-direction: column;||justify-content: center;&#8221; global_colors_info=&#8221;{}&#8221;][et_pb_text _builder_version=&#8221;4.27.4&#8243; _module_preset=&#8221;default&#8221; header_4_font=&#8221;Monsieur La Doulaise||||||||&#8221; header_4_font_size=&#8221;40px&#8221; background_layout=&#8221;dark&#8221; global_colors_info=&#8221;{}&#8221;]<\/p>\n<h4>Fotograf i Sk\u00e5ne<\/h4>\n<p>[\/et_pb_text][et_pb_text _builder_version=&#8221;4.27.4&#8243; _module_preset=&#8221;default&#8221; header_4_font=&#8221;Monsieur La Doulaise||||||||&#8221; background_layout=&#8221;dark&#8221; global_colors_info=&#8221;{}&#8221;]<\/p>\n<h1>Hej, jag \u00e4r Jamie Steinbichler!<\/h1>\n<p>Din fotograf baserad i Vellinge. Jag f\u00e5ngar de minnesv\u00e4rda stunderna\u00a0 i vackra milj\u00f6er \u2014 med fokus p\u00e5 gravid-, familje- och br\u00f6llopsfotografering.\u00a0<\/p>\n<p>Jag \u00e4r gift, har en underbar dotter och bor i ett hus p\u00e5 landet. S\u00e5 jag vet hur viktigt det \u00e4r att f\u00f6reviga alla h\u00e4rliga milstolpar! Genom min fotografering vill jag ge den ov\u00e4rderliga g\u00e5van att frysa tiden i en bild. En bild som gl\u00f6der av livets stora k\u00e4nslor.\u00a0<\/p>\n<p>[\/et_pb_text][et_pb_button button_text=&#8221;L\u00e4s mer om mig&#8221; _builder_version=&#8221;4.27.4&#8243; _module_preset=&#8221;default&#8221; custom_button=&#8221;on&#8221; button_text_color=&#8221;#FFFFFF&#8221; button_bg_color=&#8221;RGBA(255,255,255,0)&#8221; button_border_width=&#8221;0px&#8221; button_border_color=&#8221;RGBA(255,255,255,0)&#8221; button_border_radius=&#8221;0px&#8221; button_icon=&#8221;&#x24;||divi||400&#8243; button_icon_color=&#8221;#FFFFFF&#8221; button_on_hover=&#8221;off&#8221; custom_margin=&#8221;|||0px|false|false&#8221; custom_padding=&#8221;|||0px|false|false&#8221; global_colors_info=&#8221;{}&#8221;][\/et_pb_button][\/et_pb_column][\/et_pb_row][\/et_pb_section][et_pb_section fb_built=&#8221;1&#8243; _builder_version=&#8221;4.27.4&#8243; _module_preset=&#8221;default&#8221; background_image=&#8221;https:\/\/fotoavjamie.se\/wp-content\/uploads\/2025\/05\/DSC07858.jpg&#8221; min_height=&#8221;80vh&#8221; global_colors_info=&#8221;{}&#8221;][et_pb_row _builder_version=&#8221;4.27.4&#8243; _module_preset=&#8221;default&#8221; max_width=&#8221;75%&#8221; global_colors_info=&#8221;{}&#8221;][et_pb_column type=&#8221;4_4&#8243; _builder_version=&#8221;4.27.4&#8243; _module_preset=&#8221;default&#8221; global_colors_info=&#8221;{}&#8221;][et_pb_text _builder_version=&#8221;4.27.4&#8243; _module_preset=&#8221;default&#8221; text_font_size=&#8221;50px&#8221; header_4_font=&#8221;Monsieur La Doulaise||||||||&#8221; header_4_font_size=&#8221;45px&#8221; background_layout=&#8221;dark&#8221; global_colors_info=&#8221;{}&#8221;]<\/p>\n<h2>Min bildstil \u00e4r<\/h2>\n<h4>filmisk, k\u00e4nslofylld<br \/>och mysigt m\u00f6rk med v\u00e4rme.<\/h4>\n<p>[\/et_pb_text][\/et_pb_column][\/et_pb_row][\/et_pb_section][et_pb_section fb_built=&#8221;1&#8243; _builder_version=&#8221;4.27.4&#8243; _module_preset=&#8221;default&#8221; background_color=&#8221;#E9E5DE&#8221; global_colors_info=&#8221;{}&#8221;][et_pb_row _builder_version=&#8221;4.27.4&#8243; _module_preset=&#8221;default&#8221; max_width=&#8221;75%&#8221; global_colors_info=&#8221;{}&#8221;][et_pb_column type=&#8221;4_4&#8243; _builder_version=&#8221;4.27.4&#8243; _module_preset=&#8221;default&#8221; global_colors_info=&#8221;{}&#8221;][et_pb_text _builder_version=&#8221;4.27.4&#8243; _module_preset=&#8221;default&#8221; header_2_font=&#8221;Monsieur La Doulaise||||||||&#8221; header_2_font_size=&#8221;40px&#8221; header_4_font=&#8221;Monsieur La Doulaise||||||||&#8221; custom_margin=&#8221;||-30px||false|false&#8221; custom_padding=&#8221;||0px||false|false&#8221; global_colors_info=&#8221;{}&#8221;]<\/p>\n<h2>Vilket tillf\u00e4lle vill du f\u00f6reviga?<\/h2>\n<p>[\/et_pb_text][\/et_pb_column][\/et_pb_row][et_pb_row column_structure=&#8221;1_3,1_3,1_3&#8243; _builder_version=&#8221;4.27.4&#8243; _module_preset=&#8221;default&#8221; max_width=&#8221;75%&#8221; global_colors_info=&#8221;{}&#8221;][et_pb_column type=&#8221;1_3&#8243; _builder_version=&#8221;4.27.4&#8243; _module_preset=&#8221;default&#8221; global_colors_info=&#8221;{}&#8221;][et_pb_image src=&#8221;https:\/\/fotoavjamie.se\/wp-content\/uploads\/2025\/05\/DSC01492.jpg&#8221; title_text=&#8221;DSC01492&#8243; _builder_version=&#8221;4.27.4&#8243; _module_preset=&#8221;default&#8221; global_colors_info=&#8221;{}&#8221;][\/et_pb_image][et_pb_text _builder_version=&#8221;4.27.4&#8243; _module_preset=&#8221;default&#8221; header_2_font_size=&#8221;30px&#8221; header_4_font=&#8221;Monsieur La Doulaise||||||||&#8221; global_colors_info=&#8221;{}&#8221;]<\/p>\n<h2>Gravidfotografering<\/h2>\n<p>Bevara magin<\/p>\n<p>[\/et_pb_text][et_pb_button button_text=&#8221;L\u00e4s mer&#8221; _builder_version=&#8221;4.27.4&#8243; _module_preset=&#8221;default&#8221; custom_button=&#8221;on&#8221; button_text_color=&#8221;#291E16&#8243; button_bg_color=&#8221;RGBA(255,255,255,0)&#8221; button_border_width=&#8221;0px&#8221; button_border_color=&#8221;RGBA(255,255,255,0)&#8221; button_border_radius=&#8221;0px&#8221; button_icon=&#8221;&#x24;||divi||400&#8243; button_icon_color=&#8221;#291E16&#8243; button_on_hover=&#8221;off&#8221; custom_margin=&#8221;|||0px|false|false&#8221; custom_padding=&#8221;|||0px|false|false&#8221; global_colors_info=&#8221;{}&#8221;][\/et_pb_button][\/et_pb_column][et_pb_column type=&#8221;1_3&#8243; _builder_version=&#8221;4.27.4&#8243; _module_preset=&#8221;default&#8221; global_colors_info=&#8221;{}&#8221;][et_pb_image src=&#8221;https:\/\/fotoavjamie.se\/wp-content\/uploads\/2025\/05\/DSC02835.jpg&#8221; title_text=&#8221;DSC02835&#8243; _builder_version=&#8221;4.27.4&#8243; _module_preset=&#8221;default&#8221; global_colors_info=&#8221;{}&#8221;][\/et_pb_image][et_pb_text _builder_version=&#8221;4.27.4&#8243; _module_preset=&#8221;default&#8221; header_2_font_size=&#8221;30px&#8221; header_4_font=&#8221;Monsieur La Doulaise||||||||&#8221; global_colors_info=&#8221;{}&#8221;]<\/p>\n<h2>Familjefotografering<\/h2>\n<p>F\u00e5nga vardagsk\u00e4rleken<\/p>\n<p>[\/et_pb_text][et_pb_button button_text=&#8221;L\u00e4s mer&#8221; _builder_version=&#8221;4.27.4&#8243; _module_preset=&#8221;default&#8221; custom_button=&#8221;on&#8221; button_text_color=&#8221;#291E16&#8243; button_bg_color=&#8221;RGBA(255,255,255,0)&#8221; button_border_width=&#8221;0px&#8221; button_border_color=&#8221;RGBA(255,255,255,0)&#8221; button_border_radius=&#8221;0px&#8221; button_icon=&#8221;&#x24;||divi||400&#8243; button_icon_color=&#8221;#291E16&#8243; button_on_hover=&#8221;off&#8221; custom_margin=&#8221;|||0px|false|false&#8221; custom_padding=&#8221;|||0px|false|false&#8221; global_colors_info=&#8221;{}&#8221;][\/et_pb_button][\/et_pb_column][et_pb_column type=&#8221;1_3&#8243; _builder_version=&#8221;4.27.4&#8243; _module_preset=&#8221;default&#8221; global_colors_info=&#8221;{}&#8221;][et_pb_image src=&#8221;https:\/\/fotoavjamie.se\/wp-content\/uploads\/2025\/08\/DSC04370.jpg&#8221; title_text=&#8221;DSC04370&#8243; _builder_version=&#8221;4.27.4&#8243; _module_preset=&#8221;default&#8221; hover_enabled=&#8221;0&#8243; global_colors_info=&#8221;{}&#8221; sticky_enabled=&#8221;0&#8243;][\/et_pb_image][et_pb_text _builder_version=&#8221;4.27.4&#8243; _module_preset=&#8221;default&#8221; header_2_font_size=&#8221;30px&#8221; header_4_font=&#8221;Monsieur La Doulaise||||||||&#8221; global_colors_info=&#8221;{}&#8221;]<\/p>\n<h2>Br\u00f6llopsfotografering<\/h2>\n<p>Minns alla \u00f6gonblick<\/p>\n<p>[\/et_pb_text][et_pb_button button_text=&#8221;L\u00e4s mer&#8221; _builder_version=&#8221;4.27.4&#8243; _module_preset=&#8221;default&#8221; custom_button=&#8221;on&#8221; button_text_color=&#8221;#291E16&#8243; button_bg_color=&#8221;RGBA(255,255,255,0)&#8221; button_border_width=&#8221;0px&#8221; button_border_color=&#8221;RGBA(255,255,255,0)&#8221; button_border_radius=&#8221;0px&#8221; button_icon=&#8221;&#x24;||divi||400&#8243; button_icon_color=&#8221;#291E16&#8243; button_on_hover=&#8221;off&#8221; custom_margin=&#8221;|||0px|false|false&#8221; custom_padding=&#8221;|||0px|false|false&#8221; global_colors_info=&#8221;{}&#8221;][\/et_pb_button][\/et_pb_column][\/et_pb_row][\/et_pb_section][et_pb_section fb_built=&#8221;1&#8243; _builder_version=&#8221;4.27.4&#8243; _module_preset=&#8221;default&#8221; use_background_color_gradient=&#8221;on&#8221; background_color_gradient_type=&#8221;elliptical&#8221; background_color_gradient_stops=&#8221;rgba(255,255,255,0) 18%|#291e16 100%&#8221; background_color_gradient_overlays_image=&#8221;on&#8221; background_image=&#8221;https:\/\/fotoavjamie.se\/wp-content\/uploads\/2025\/08\/DSC07314.jpg&#8221; background_blend=&#8221;multiply&#8221; min_height=&#8221;80vh&#8221; hover_enabled=&#8221;0&#8243; global_colors_info=&#8221;{}&#8221; sticky_enabled=&#8221;0&#8243; title_text=&#8221;DSC07314&#8243;][et_pb_row _builder_version=&#8221;4.27.4&#8243; _module_preset=&#8221;default&#8221; max_width=&#8221;75%&#8221; global_colors_info=&#8221;{}&#8221;][et_pb_column type=&#8221;4_4&#8243; _builder_version=&#8221;4.27.4&#8243; _module_preset=&#8221;default&#8221; global_colors_info=&#8221;{}&#8221;][et_pb_text _builder_version=&#8221;4.27.4&#8243; _module_preset=&#8221;default&#8221; text_font_size=&#8221;50px&#8221; header_4_font=&#8221;Monsieur La Doulaise||||||||&#8221; header_4_font_size=&#8221;45px&#8221; background_layout=&#8221;dark&#8221; custom_css_free_form=&#8221;selector p {||  font-family: mrsheffield-pro, sans-serif;||  margin-top: 15px;||}&#8221; global_colors_info=&#8221;{}&#8221;]<\/p>\n<h2>Livet \u00e4r v\u00e4rt att minnas.<\/h2>\n<h4>Stora som sm\u00e5 stunder&#8230;<\/h4>\n<p>[\/et_pb_text][\/et_pb_column][\/et_pb_row][\/et_pb_section][et_pb_section fb_built=&#8221;1&#8243; _builder_version=&#8221;4.27.4&#8243; _module_preset=&#8221;default&#8221; background_color=&#8221;#CEC8BB&#8221; global_colors_info=&#8221;{}&#8221;][et_pb_row _builder_version=&#8221;4.27.4&#8243; _module_preset=&#8221;default&#8221; max_width=&#8221;75%&#8221; global_colors_info=&#8221;{}&#8221;][et_pb_column type=&#8221;4_4&#8243; _builder_version=&#8221;4.27.4&#8243; _module_preset=&#8221;default&#8221; global_colors_info=&#8221;{}&#8221;][difl_packerygallery gallery=&#8221;131,59,72,282,296,69,71,75,251,100,96,125,134,114,99,121,129,116&#8243; pg_layout=&#8221;five&#8221; tablet_view=&#8221;2&#8243; _builder_version=&#8221;4.27.4&#8243; _module_preset=&#8221;default&#8221; hover_enabled=&#8221;0&#8243; global_colors_info=&#8221;{}&#8221; sticky_enabled=&#8221;0&#8243;][\/difl_packerygallery][\/et_pb_column][\/et_pb_row][\/et_pb_section][et_pb_section fb_built=&#8221;1&#8243; _builder_version=&#8221;4.27.4&#8243; _module_preset=&#8221;default&#8221; use_background_color_gradient=&#8221;on&#8221; background_color_gradient_type=&#8221;elliptical&#8221; background_color_gradient_stops=&#8221;rgba(255,255,255,0) 18%|#291e16 100%&#8221; background_color_gradient_overlays_image=&#8221;on&#8221; background_image=&#8221;https:\/\/fotoavjamie.se\/wp-content\/uploads\/2025\/05\/DSC02672.jpg&#8221; background_blend=&#8221;multiply&#8221; min_height=&#8221;80vh&#8221; global_colors_info=&#8221;{}&#8221;][et_pb_row _builder_version=&#8221;4.27.4&#8243; _module_preset=&#8221;default&#8221; max_width=&#8221;75%&#8221; global_colors_info=&#8221;{}&#8221;][et_pb_column type=&#8221;4_4&#8243; _builder_version=&#8221;4.27.4&#8243; _module_preset=&#8221;default&#8221; global_colors_info=&#8221;{}&#8221;][et_pb_text _builder_version=&#8221;4.27.4&#8243; _module_preset=&#8221;default&#8221; text_font_size=&#8221;50px&#8221; header_4_font=&#8221;Monsieur La Doulaise||||||||&#8221; header_4_font_size=&#8221;45px&#8221; background_layout=&#8221;dark&#8221; custom_css_free_form=&#8221;selector p {||  font-family: mrsheffield-pro, sans-serif;||  margin-top: 15px;||}&#8221; global_colors_info=&#8221;{}&#8221;]<\/p>\n<h2>De sm\u00e5 tar st\u00f6rst plats i hj\u00e4rtat.<\/h2>\n<h4>Unna dig bilder att \u00e4lska l\u00e4nge.<\/h4>\n<p>[\/et_pb_text][\/et_pb_column][\/et_pb_row][\/et_pb_section]<\/p>\n","protected":false},"excerpt":{"rendered":"<p>Naturliga bilder med k\u00e4nsla och filmisk st\u00e4mningFotograf i Sk\u00e5neHej, jag \u00e4r Jamie Steinbichler! Din fotograf baserad i Vellinge. Jag f\u00e5ngar de minnesv\u00e4rda stunderna\u00a0 i vackra milj\u00f6er \u2014 med fokus p\u00e5 gravid-, familje- och br\u00f6llopsfotografering.\u00a0 Jag \u00e4r gift, har en underbar dotter och bor i ett hus p\u00e5 landet. S\u00e5 jag vet hur viktigt det \u00e4r [&hellip;]<\/p>\n","protected":false},"author":1,"featured_media":0,"parent":0,"menu_order":0,"comment_status":"closed","ping_status":"closed","template":"","meta":{"_et_pb_use_builder":"on","_et_pb_old_content":"","_et_gb_content_width":"","footnotes":""},"difl_page_category":[],"class_list":["post-10","page","type-page","status-publish","hentry"],"yoast_head":"<!-- This site is optimized with the Yoast SEO Premium plugin v24.9 (Yoast SEO v26.2) - https:\/\/yoast.com\/wordpress\/plugins\/seo\/ -->\n<title>Hem - Fotograf Jamie Steinbichler<\/title>\n<meta name=\"robots\" content=\"index, follow, max-snippet:-1, max-image-preview:large, max-video-preview:-1\" \/>\n<link rel=\"canonical\" href=\"https:\/\/fotoavjamie.se\/\" \/>\n<meta property=\"og:locale\" content=\"sv_SE\" \/>\n<meta property=\"og:type\" content=\"article\" \/>\n<meta property=\"og:title\" content=\"Hem\" \/>\n<meta property=\"og:description\" content=\"Naturliga bilder med k\u00e4nsla och filmisk st\u00e4mningFotograf i Sk\u00e5neHej, jag \u00e4r Jamie Steinbichler! Din fotograf baserad i Vellinge. Jag f\u00e5ngar de minnesv\u00e4rda stunderna\u00a0 i vackra milj\u00f6er \u2014 med fokus p\u00e5 gravid-, familje- och br\u00f6llopsfotografering.\u00a0 Jag \u00e4r gift, har en underbar dotter och bor i ett hus p\u00e5 landet. S\u00e5 jag vet hur viktigt det \u00e4r [&hellip;]\" \/>\n<meta property=\"og:url\" content=\"https:\/\/fotoavjamie.se\/\" \/>\n<meta property=\"og:site_name\" content=\"Fotograf Jamie Steinbichler\" \/>\n<meta property=\"article:modified_time\" content=\"2025-08-05T07:52:50+00:00\" \/>\n<meta name=\"twitter:card\" content=\"summary_large_image\" \/>\n<script type=\"application\/ld+json\" class=\"yoast-schema-graph\">{\"@context\":\"https:\/\/schema.org\",\"@graph\":[{\"@type\":\"WebPage\",\"@id\":\"https:\/\/fotoavjamie.se\/\",\"url\":\"https:\/\/fotoavjamie.se\/\",\"name\":\"Hem - Fotograf Jamie Steinbichler\",\"isPartOf\":{\"@id\":\"https:\/\/fotoavjamie.se\/#website\"},\"datePublished\":\"2025-05-20T19:33:09+00:00\",\"dateModified\":\"2025-08-05T07:52:50+00:00\",\"breadcrumb\":{\"@id\":\"https:\/\/fotoavjamie.se\/#breadcrumb\"},\"inLanguage\":\"sv-SE\",\"potentialAction\":[{\"@type\":\"ReadAction\",\"target\":[\"https:\/\/fotoavjamie.se\/\"]}]},{\"@type\":\"BreadcrumbList\",\"@id\":\"https:\/\/fotoavjamie.se\/#breadcrumb\",\"itemListElement\":[{\"@type\":\"ListItem\",\"position\":1,\"name\":\"Hem\",\"item\":\"https:\/\/fotoavjamie.se\/\"},{\"@type\":\"ListItem\",\"position\":2,\"name\":\"Hem\"}]},{\"@type\":\"WebSite\",\"@id\":\"https:\/\/fotoavjamie.se\/#website\",\"url\":\"https:\/\/fotoavjamie.se\/\",\"name\":\"Fotograf Jamie Steinbichler\",\"description\":\"Gravid- och familjefotograf i Sk\u00e5ne\",\"potentialAction\":[{\"@type\":\"SearchAction\",\"target\":{\"@type\":\"EntryPoint\",\"urlTemplate\":\"https:\/\/fotoavjamie.se\/?s={search_term_string}\"},\"query-input\":{\"@type\":\"PropertyValueSpecification\",\"valueRequired\":true,\"valueName\":\"search_term_string\"}}],\"inLanguage\":\"sv-SE\"}]}<\/script>\n<!-- \/ Yoast SEO Premium plugin. -->","yoast_head_json":{"title":"Hem - Fotograf Jamie Steinbichler","robots":{"index":"index","follow":"follow","max-snippet":"max-snippet:-1","max-image-preview":"max-image-preview:large","max-video-preview":"max-video-preview:-1"},"canonical":"https:\/\/fotoavjamie.se\/","og_locale":"sv_SE","og_type":"article","og_title":"Hem","og_description":"Naturliga bilder med k\u00e4nsla och filmisk st\u00e4mningFotograf i Sk\u00e5neHej, jag \u00e4r Jamie Steinbichler! Din fotograf baserad i Vellinge. Jag f\u00e5ngar de minnesv\u00e4rda stunderna\u00a0 i vackra milj\u00f6er \u2014 med fokus p\u00e5 gravid-, familje- och br\u00f6llopsfotografering.\u00a0 Jag \u00e4r gift, har en underbar dotter och bor i ett hus p\u00e5 landet. S\u00e5 jag vet hur viktigt det \u00e4r [&hellip;]","og_url":"https:\/\/fotoavjamie.se\/","og_site_name":"Fotograf Jamie Steinbichler","article_modified_time":"2025-08-05T07:52:50+00:00","twitter_card":"summary_large_image","schema":{"@context":"https:\/\/schema.org","@graph":[{"@type":"WebPage","@id":"https:\/\/fotoavjamie.se\/","url":"https:\/\/fotoavjamie.se\/","name":"Hem - Fotograf Jamie Steinbichler","isPartOf":{"@id":"https:\/\/fotoavjamie.se\/#website"},"datePublished":"2025-05-20T19:33:09+00:00","dateModified":"2025-08-05T07:52:50+00:00","breadcrumb":{"@id":"https:\/\/fotoavjamie.se\/#breadcrumb"},"inLanguage":"sv-SE","potentialAction":[{"@type":"ReadAction","target":["https:\/\/fotoavjamie.se\/"]}]},{"@type":"BreadcrumbList","@id":"https:\/\/fotoavjamie.se\/#breadcrumb","itemListElement":[{"@type":"ListItem","position":1,"name":"Hem","item":"https:\/\/fotoavjamie.se\/"},{"@type":"ListItem","position":2,"name":"Hem"}]},{"@type":"WebSite","@id":"https:\/\/fotoavjamie.se\/#website","url":"https:\/\/fotoavjamie.se\/","name":"Fotograf Jamie Steinbichler","description":"Gravid- och familjefotograf i Sk\u00e5ne","potentialAction":[{"@type":"SearchAction","target":{"@type":"EntryPoint","urlTemplate":"https:\/\/fotoavjamie.se\/?s={search_term_string}"},"query-input":{"@type":"PropertyValueSpecification","valueRequired":true,"valueName":"search_term_string"}}],"inLanguage":"sv-SE"}]}},"_links":{"self":[{"href":"https:\/\/fotoavjamie.se\/index.php?rest_route=\/wp\/v2\/pages\/10","targetHints":{"allow":["GET"]}}],"collection":[{"href":"https:\/\/fotoavjamie.se\/index.php?rest_route=\/wp\/v2\/pages"}],"about":[{"href":"https:\/\/fotoavjamie.se\/index.php?rest_route=\/wp\/v2\/types\/page"}],"author":[{"embeddable":true,"href":"https:\/\/fotoavjamie.se\/index.php?rest_route=\/wp\/v2\/users\/1"}],"replies":[{"embeddable":true,"href":"https:\/\/fotoavjamie.se\/index.php?rest_route=%2Fwp%2Fv2%2Fcomments&post=10"}],"version-history":[{"count":59,"href":"https:\/\/fotoavjamie.se\/index.php?rest_route=\/wp\/v2\/pages\/10\/revisions"}],"predecessor-version":[{"id":306,"href":"https:\/\/fotoavjamie.se\/index.php?rest_route=\/wp\/v2\/pages\/10\/revisions\/306"}],"wp:attachment":[{"href":"https:\/\/fotoavjamie.se\/index.php?rest_route=%2Fwp%2Fv2%2Fmedia&parent=10"}],"wp:term":[{"taxonomy":"difl_page_category","embeddable":true,"href":"https:\/\/fotoavjamie.se\/index.php?rest_route=%2Fwp%2Fv2%2Fdifl_page_category&post=10"}],"curies":[{"name":"wp","href":"https:\/\/api.w.org\/{rel}","templated":true}]}}